{"id":666,"date":"2022-07-08T16:01:20","date_gmt":"2022-07-08T16:01:20","guid":{"rendered":"https:\/\/carlosmorando.com\/?page_id=666"},"modified":"2026-01-22T15:55:41","modified_gmt":"2026-01-22T21:55:41","slug":"perfil","status":"publish","type":"page","link":"https:\/\/carlosmorando.com\/en\/perfil\/","title":{"rendered":"About"},"content":{"rendered":"\t\t<div data-elementor-type=\"wp-page\" data-elementor-id=\"666\" class=\"elementor elementor-666\" data-elementor-post-type=\"page\">\n\t\t\t\t<div class=\"elementor-element elementor-element-f1c6536 e-con-full e-flex e-con e-parent\" data-id=\"f1c6536\" data-element_type=\"container\" data-e-type=\"container\" data-settings=\"{&quot;background_background&quot;:&quot;classic&quot;}\">\n\t\t<div class=\"elementor-element elementor-element-48293719 e-con-full e-flex e-con e-child\" data-id=\"48293719\" data-element_type=\"container\" data-e-type=\"container\" data-settings=\"{&quot;background_background&quot;:&quot;classic&quot;}\">\n\t\t\t\t<div class=\"elementor-element elementor-element-1e5931c9 marquee elementor-widget elementor-widget-heading\" data-id=\"1e5931c9\" data-element_type=\"widget\" data-e-type=\"widget\" data-widget_type=\"heading.default\">\n\t\t\t\t<div class=\"elementor-widget-container\">\n\t\t\t\t\t<h3 class=\"elementor-heading-title elementor-size-default\">Perfil Perfil Perfil Perfil Perfil Perfil Perfil<\/h3>\t\t\t\t<\/div>\n\t\t\t\t<\/div>\n\t\t\t\t<\/div>\n\t\t<div class=\"elementor-element elementor-element-12f50672 e-con-full e-flex e-con e-child\" data-id=\"12f50672\" data-element_type=\"container\" data-e-type=\"container\">\n\t\t\t\t<div class=\"elementor-element elementor-element-4bb4aa9a elementor-widget__width-initial elementor-hidden-mobile elementor-widget elementor-widget-text-editor\" data-id=\"4bb4aa9a\" data-element_type=\"widget\" data-e-type=\"widget\" data-widget_type=\"text-editor.default\">\n\t\t\t\t<div class=\"elementor-widget-container\">\n\t\t\t\t\t\t\t\t\t<p>Experiencia<\/p>\t\t\t\t\t\t\t\t<\/div>\n\t\t\t\t<\/div>\n\t\t\t\t<div class=\"elementor-element elementor-element-2b46696 elementor-widget__width-initial elementor-widget elementor-widget-text-editor\" data-id=\"2b46696\" data-element_type=\"widget\" data-e-type=\"widget\" data-widget_type=\"text-editor.default\">\n\t\t\t\t<div class=\"elementor-widget-container\">\n\t\t\t\t\t\t\t\t\t<p>Carlos Morando<\/p><p><span style=\"color: #808080;\">Dise\u00f1ador<\/span><\/p>\t\t\t\t\t\t\t\t<\/div>\n\t\t\t\t<\/div>\n\t\t\t\t<div class=\"elementor-element elementor-element-8752552 elementor-widget__width-initial elementor-widget elementor-widget-image\" data-id=\"8752552\" data-element_type=\"widget\" data-e-type=\"widget\" data-widget_type=\"image.default\">\n\t\t\t\t<div class=\"elementor-widget-container\">\n\t\t\t\t\t\t\t\t\t\t\t\t\t\t\t<img fetchpriority=\"high\" decoding=\"async\" width=\"2560\" height=\"2560\" src=\"https:\/\/carlosmorando.com\/wp-content\/uploads\/2022\/07\/2022-Fotos-18-copia-scaled.jpg\" class=\"attachment-full size-full wp-image-662\" alt=\"Carlos Moranodo Perfil\" srcset=\"https:\/\/carlosmorando.com\/wp-content\/uploads\/2022\/07\/2022-Fotos-18-copia-scaled.jpg 2560w, https:\/\/carlosmorando.com\/wp-content\/uploads\/2022\/07\/2022-Fotos-18-copia-300x300.jpg 300w, https:\/\/carlosmorando.com\/wp-content\/uploads\/2022\/07\/2022-Fotos-18-copia-1024x1024.jpg 1024w, https:\/\/carlosmorando.com\/wp-content\/uploads\/2022\/07\/2022-Fotos-18-copia-150x150.jpg 150w, https:\/\/carlosmorando.com\/wp-content\/uploads\/2022\/07\/2022-Fotos-18-copia-768x768.jpg 768w, https:\/\/carlosmorando.com\/wp-content\/uploads\/2022\/07\/2022-Fotos-18-copia-1536x1536.jpg 1536w, https:\/\/carlosmorando.com\/wp-content\/uploads\/2022\/07\/2022-Fotos-18-copia-2048x2048.jpg 2048w\" sizes=\"(max-width: 2560px) 100vw, 2560px\" \/>\t\t\t\t\t\t\t\t\t\t\t\t\t\t\t<\/div>\n\t\t\t\t<\/div>\n\t\t\t\t<\/div>\n\t\t\t\t<\/div>\n\t\t<div class=\"elementor-element elementor-element-af24261 e-con-full mdw-stacked-card-area e-flex e-con e-parent\" data-id=\"af24261\" data-element_type=\"container\" data-e-type=\"container\" data-settings=\"{&quot;background_background&quot;:&quot;classic&quot;}\">\n\t\t<div class=\"elementor-element elementor-element-47daf89 e-con-full e-flex e-con e-child\" data-id=\"47daf89\" data-element_type=\"container\" data-e-type=\"container\">\n\t\t<div class=\"elementor-element elementor-element-d399a8f e-con-full e-flex e-con e-child\" data-id=\"d399a8f\" data-element_type=\"container\" data-e-type=\"container\">\n\t\t\t\t<div class=\"elementor-element elementor-element-0f83fae elementor-widget elementor-widget-text-editor\" data-id=\"0f83fae\" data-element_type=\"widget\" data-e-type=\"widget\" data-widget_type=\"text-editor.default\">\n\t\t\t\t<div class=\"elementor-widget-container\">\n\t\t\t\t\t\t\t\t\t<p>Dise\u00f1ador Gr\u00e1fico y Web con experiencia creando soluciones visuales que resuelven problemas de comunicaci\u00f3n en medios impresos, digitales y de marca. Me especializo en el desarrollo de piezas visuales funcionales, atractivas y memorables, que ayudan a empresas y proyectos a comunicar sus ideas de manera clara y eficaz.<\/p>\t\t\t\t\t\t\t\t<\/div>\n\t\t\t\t<\/div>\n\t\t\t\t<div class=\"elementor-element elementor-element-985ac92 elementor-align-center magic-hover magic-hover__square elementor-widget elementor-widget-button\" data-id=\"985ac92\" data-element_type=\"widget\" data-e-type=\"widget\" data-widget_type=\"button.default\">\n\t\t\t\t<div class=\"elementor-widget-container\">\n\t\t\t\t\t\t\t\t\t<div class=\"elementor-button-wrapper\">\n\t\t\t\t\t<a class=\"elementor-button elementor-button-link elementor-size-sm\" href=\"\/proyectos\">\n\t\t\t\t\t\t<span class=\"elementor-button-content-wrapper\">\n\t\t\t\t\t\t\t\t\t<span class=\"elementor-button-text\">Otros proyectos<\/span>\n\t\t\t\t\t<\/span>\n\t\t\t\t\t<\/a>\n\t\t\t\t<\/div>\n\t\t\t\t\t\t\t\t<\/div>\n\t\t\t\t<\/div>\n\t\t\t\t<\/div>\n\t\t<div class=\"elementor-element elementor-element-99d0d2e mdw-stacked-cards e-con-full e-flex e-con e-child\" data-id=\"99d0d2e\" data-element_type=\"container\" data-e-type=\"container\">\n\t\t\t\t<div class=\"elementor-element elementor-element-8b1bd81 elementor-widget elementor-widget-html\" data-id=\"8b1bd81\" data-element_type=\"widget\" data-e-type=\"widget\" data-widget_type=\"html.default\">\n\t\t\t\t<div class=\"elementor-widget-container\">\n\t\t\t\t\t<script src=\"https:\/\/code.jquery.com\/jquery-3.5.1.min.js\"><\/script>\r\n<script>\r\n\r\nif(!MDWNonce100){\r\n    \r\nvar MDWNonce100 = true\r\n\r\n$(document).ready(function() {\r\n    \r\nvar previousScrollTop = [],\r\ncards = [],\r\ncardScrollHeight = [],\r\ncardRotate = [],\r\ncardContainer = [],\r\nstickyTop = [],\r\nstickyCon = []\r\n\r\n\r\n\/\/ Sliding crads on scroll\r\n\r\nfunction cardSlideUp(){\r\n\r\n$('.mdw-stacked-card-area').each(function(i){\r\n    \r\n    var $this = $(this),\r\n    scrollTop = $(document).scrollTop(),\r\n    cardAreaTop = $this.offset().top,\r\n    index = Math.floor((scrollTop - cardAreaTop - stickyTop[i]) \/ cardScrollHeight[i]),\r\n    totalCards = cards[i].length\r\n    \r\n    cards[i].removeClass('mdw-active-card')\r\n    cards[i].each(function(j){\r\n        if( j <= index ) {\r\n            $(this).addClass('mdw-active-card')\r\n        }\r\n        if(index >= -1 && index < totalCards - 1){\r\n            $(this).css({\r\n                'transform': `rotate(${ -1*j*cardRotate[i] + (index+1)*cardRotate[i] }deg)`\r\n            })\r\n        }\r\n    })\r\n    \r\n    previousScrollTop[i] = scrollTop\r\n})\r\n\r\n}\r\n\r\n\r\nfunction setValues(){\r\n\r\n$('.mdw-stacked-card-area').each(function(i){\r\n    \r\n    var $this = $(this)\r\n    \r\n    stickyTop[i] = 0\r\n    \r\n    if(stickyCon[i].outerHeight() > $(window).height()){\r\n        stickyTop[i] = cardContainer[i].offset().top - stickyCon[i].offset().top - $(window).height()\/2\r\n    }\r\n    stickyCon[i].css('top', -1*stickyTop[i])\r\n    \r\n    cardScrollHeight[i] = $this.css('--card-scroll-height') ? parseInt($this.css('--card-scroll-height').trim()) : 400\r\n    cardRotate[i] = $this.css('--card-rotate') ? parseInt($this.css('--card-rotate').trim()) : 9\r\n    \r\n    \r\n    \/\/ Rotating cards\r\n    \r\n    cards[i].each(function(j) {\r\n        $(this).css({\r\n            'transform': `rotate(-${j * cardRotate[i]}deg)`,\r\n            'z-index': cards[i].length - j\r\n        })\r\n    })\r\n\r\n\r\n    \/\/ Card area height\r\n    \r\n    $this.css('height', stickyCon[i].outerHeight() +  ((cards[i].length - 1) * cardScrollHeight[i]) + 'px' )\r\n})\r\n\r\n}\r\n\r\n$(document).on('scroll', cardSlideUp)\r\n$(window).on('resize', function(){\r\n    setValues()\r\n    cardSlideUp()\r\n})\r\n\r\n\r\nfunction init(){\r\n\r\n$('.mdw-stacked-card-area').each(function(i){\r\n    \r\n    var $this = $(this)\r\n    \r\n    cards[i] = $this.find('.mdw-stacked-cards > .e-con, .mdw-stacked-cards > .e-container, .mdw-stacked-cards > .e-con-inner > .e-con, .mdw-stacked-cards > .e-con-inner > .e-container')\r\n    stickyCon[i] = $this.children('.e-con, .e-container').eq(0)\r\n    \r\n    stickyCon[i].parents().each(function(){\r\n        if( !$(this).is('html') ){ $(this).css('overflow', 'visible') }\r\n    })\r\n    \r\n    previousScrollTop[i] = $(document).scrollTop()\r\n    cardContainer[i] = $this.find('.mdw-stacked-cards')\r\n})\r\n\r\nsetValues()\r\ncardSlideUp()\r\n\r\n}\r\n\r\ninit()\r\n    \r\n})\r\n}\r\n<\/script>\t\t\t\t<\/div>\n\t\t\t\t<\/div>\n\t\t<div class=\"elementor-element elementor-element-cffb420 e-con-full e-flex e-con e-child\" data-id=\"cffb420\" data-element_type=\"container\" data-e-type=\"container\" data-settings=\"{&quot;background_background&quot;:&quot;classic&quot;,&quot;position&quot;:&quot;absolute&quot;}\">\n\t\t\t\t<div class=\"elementor-element elementor-element-6f61158 elementor-widget elementor-widget-heading\" data-id=\"6f61158\" data-element_type=\"widget\" data-e-type=\"widget\" data-widget_type=\"heading.default\">\n\t\t\t\t<div class=\"elementor-widget-container\">\n\t\t\t\t\t<h2 class=\"elementor-heading-title elementor-size-default\">JLS Corporativo<\/h2>\t\t\t\t<\/div>\n\t\t\t\t<\/div>\n\t\t\t\t<div class=\"elementor-element elementor-element-2a377ae elementor-widget elementor-widget-text-editor\" data-id=\"2a377ae\" data-element_type=\"widget\" data-e-type=\"widget\" data-widget_type=\"text-editor.default\">\n\t\t\t\t<div class=\"elementor-widget-container\">\n\t\t\t\t\t\t\t\t\t<p>Feb 2025 &#8211; Dic 2025<\/p>\t\t\t\t\t\t\t\t<\/div>\n\t\t\t\t<\/div>\n\t\t\t\t<div class=\"elementor-element elementor-element-6a467c9 elementor-widget elementor-widget-text-editor\" data-id=\"6a467c9\" data-element_type=\"widget\" data-e-type=\"widget\" data-widget_type=\"text-editor.default\">\n\t\t\t\t<div class=\"elementor-widget-container\">\n\t\t\t\t\t\t\t\t\t<p>web \u2022 branding \u2022 rrss \u2022 motion graphics<\/p>\t\t\t\t\t\t\t\t<\/div>\n\t\t\t\t<\/div>\n\t\t\t\t<\/div>\n\t\t<div class=\"elementor-element elementor-element-270ea26 e-con-full e-flex e-con e-child\" data-id=\"270ea26\" data-element_type=\"container\" data-e-type=\"container\" data-settings=\"{&quot;background_background&quot;:&quot;classic&quot;,&quot;position&quot;:&quot;absolute&quot;}\">\n\t\t\t\t<div class=\"elementor-element elementor-element-3eb57ab elementor-widget elementor-widget-heading\" data-id=\"3eb57ab\" data-element_type=\"widget\" data-e-type=\"widget\" data-widget_type=\"heading.default\">\n\t\t\t\t<div class=\"elementor-widget-container\">\n\t\t\t\t\t<h2 class=\"elementor-heading-title elementor-size-default\">Nuvi Global<\/h2>\t\t\t\t<\/div>\n\t\t\t\t<\/div>\n\t\t\t\t<div class=\"elementor-element elementor-element-f7b31bb elementor-widget elementor-widget-text-editor\" data-id=\"f7b31bb\" data-element_type=\"widget\" data-e-type=\"widget\" data-widget_type=\"text-editor.default\">\n\t\t\t\t<div class=\"elementor-widget-container\">\n\t\t\t\t\t\t\t\t\t<p>Feb 2017 &#8211; May 2024<\/p>\t\t\t\t\t\t\t\t<\/div>\n\t\t\t\t<\/div>\n\t\t\t\t<div class=\"elementor-element elementor-element-6cd2785 elementor-widget elementor-widget-text-editor\" data-id=\"6cd2785\" data-element_type=\"widget\" data-e-type=\"widget\" data-widget_type=\"text-editor.default\">\n\t\t\t\t<div class=\"elementor-widget-container\">\n\t\t\t\t\t\t\t\t\t<p>web \u2022 branding \u2022 rrss \u2022 motion graphics \u2022 packaging \u2022 video<\/p>\t\t\t\t\t\t\t\t<\/div>\n\t\t\t\t<\/div>\n\t\t\t\t<\/div>\n\t\t<div class=\"elementor-element elementor-element-09980cb e-con-full e-flex e-con e-child\" data-id=\"09980cb\" data-element_type=\"container\" data-e-type=\"container\" data-settings=\"{&quot;background_background&quot;:&quot;classic&quot;,&quot;position&quot;:&quot;absolute&quot;}\">\n\t\t\t\t<div class=\"elementor-element elementor-element-83cdfd9 elementor-widget elementor-widget-heading\" data-id=\"83cdfd9\" data-element_type=\"widget\" data-e-type=\"widget\" data-widget_type=\"heading.default\">\n\t\t\t\t<div class=\"elementor-widget-container\">\n\t\t\t\t\t<h2 class=\"elementor-heading-title elementor-size-default\">Rayas Impresi\u00f3n<\/h2>\t\t\t\t<\/div>\n\t\t\t\t<\/div>\n\t\t\t\t<div class=\"elementor-element elementor-element-32b940d elementor-widget elementor-widget-text-editor\" data-id=\"32b940d\" data-element_type=\"widget\" data-e-type=\"widget\" data-widget_type=\"text-editor.default\">\n\t\t\t\t<div class=\"elementor-widget-container\">\n\t\t\t\t\t\t\t\t\t<p>Ago 2012 &#8211; Feb 2014<\/p>\t\t\t\t\t\t\t\t<\/div>\n\t\t\t\t<\/div>\n\t\t\t\t<div class=\"elementor-element elementor-element-5ec7d20 elementor-widget elementor-widget-text-editor\" data-id=\"5ec7d20\" data-element_type=\"widget\" data-e-type=\"widget\" data-widget_type=\"text-editor.default\">\n\t\t\t\t<div class=\"elementor-widget-container\">\n\t\t\t\t\t\t\t\t\t<p>branding \u2022 packaging \u2022 dise\u00f1o editorial \u2022 preprensa<\/p>\t\t\t\t\t\t\t\t<\/div>\n\t\t\t\t<\/div>\n\t\t\t\t<\/div>\n\t\t\t\t<\/div>\n\t\t\t\t<\/div>\n\t\t\t\t<\/div>\n\t\t<div class=\"elementor-element elementor-element-f355f9d e-con-full e-flex e-con e-parent\" data-id=\"f355f9d\" data-element_type=\"container\" data-e-type=\"container\" data-settings=\"{&quot;background_background&quot;:&quot;classic&quot;}\">\n\t\t\t\t<div class=\"elementor-element elementor-element-56ca396 elementor-widget__width-initial elementor-widget elementor-widget-text-editor\" data-id=\"56ca396\" data-element_type=\"widget\" data-e-type=\"widget\" data-widget_type=\"text-editor.default\">\n\t\t\t\t<div class=\"elementor-widget-container\">\n\t\t\t\t\t\t\t\t\t<p>Carlos Morando es dise\u00f1ador gr\u00e1fico, editor de video y, de vez en cuando, comediante de stand up (porque el humor tambi\u00e9n es una gran herramienta de comunicaci\u00f3n). A lo largo de su trayectoria profesional ha aprendido que el verdadero poder del dise\u00f1o est\u00e1 en entender a las personas: escuchar al cliente, detectar sus necesidades reales y transformar problemas de comunicaci\u00f3n en soluciones claras, atractivas y funcionales. Su forma de trabajar combina estrategia, creatividad y una relaci\u00f3n cercana con cada proyecto, siempre buscando llegar al resultado ideal sin perder el proceso humano por el camino.<\/p><p>En los \u00faltimos a\u00f1os ha enfocado gran parte de su experiencia en branding y dise\u00f1o web, \u00e1reas donde se siente especialmente c\u00f3modo construyendo marcas con personalidad y presencia digital s\u00f3lida. Aun as\u00ed, su inter\u00e9s por el dise\u00f1o va mucho m\u00e1s all\u00e1: ha desarrollado proyectos de dise\u00f1o editorial, ilustraci\u00f3n, fotograf\u00eda y piezas multimedia, lo que le permite tener una visi\u00f3n integral y flexible. Esta mezcla de disciplinas, junto con su sensibilidad creativa y su toque casual, se refleja en trabajos pensados para conectar, comunicar y, si se puede, sacar una sonrisa.<\/p>\t\t\t\t\t\t\t\t<\/div>\n\t\t\t\t<\/div>\n\t\t\t\t<\/div>\n\t\t<div class=\"elementor-element elementor-element-f25d041 e-con-full e-flex e-con e-parent\" data-id=\"f25d041\" data-element_type=\"container\" data-e-type=\"container\" data-settings=\"{&quot;background_background&quot;:&quot;classic&quot;}\">\n\t\t\t\t<div class=\"elementor-element elementor-element-cbb472a elementor-widget elementor-widget-image\" data-id=\"cbb472a\" data-element_type=\"widget\" data-e-type=\"widget\" data-widget_type=\"image.default\">\n\t\t\t\t<div class=\"elementor-widget-container\">\n\t\t\t\t\t\t\t\t\t\t\t\t\t\t\t<img decoding=\"async\" width=\"2560\" height=\"1626\" src=\"https:\/\/carlosmorando.com\/wp-content\/uploads\/2026\/01\/DSC_0886-scaled-1.jpg\" class=\"attachment-full size-full wp-image-2095\" alt=\"\" srcset=\"https:\/\/carlosmorando.com\/wp-content\/uploads\/2026\/01\/DSC_0886-scaled-1.jpg 2560w, https:\/\/carlosmorando.com\/wp-content\/uploads\/2026\/01\/DSC_0886-scaled-1-300x191.jpg 300w, https:\/\/carlosmorando.com\/wp-content\/uploads\/2026\/01\/DSC_0886-scaled-1-1024x650.jpg 1024w, https:\/\/carlosmorando.com\/wp-content\/uploads\/2026\/01\/DSC_0886-scaled-1-768x488.jpg 768w, https:\/\/carlosmorando.com\/wp-content\/uploads\/2026\/01\/DSC_0886-scaled-1-1536x976.jpg 1536w, https:\/\/carlosmorando.com\/wp-content\/uploads\/2026\/01\/DSC_0886-scaled-1-2048x1301.jpg 2048w\" sizes=\"(max-width: 2560px) 100vw, 2560px\" \/>\t\t\t\t\t\t\t\t\t\t\t\t\t\t\t<\/div>\n\t\t\t\t<\/div>\n\t\t\t\t<\/div>\n\t\t\t\t<\/div>\n\t\t","protected":false},"excerpt":{"rendered":"<p>Carlos Morando es dise\u00f1ador gr\u00e1fico, editor de video y, de vez en cuando, comediante de stand up (porque el humor tambi\u00e9n es una gran herramienta de comunicaci\u00f3n).<\/p>","protected":false},"author":1,"featured_media":662,"parent":0,"menu_order":0,"comment_status":"closed","ping_status":"closed","template":"","meta":{"inline_featured_image":false,"footnotes":""},"class_list":["post-666","page","type-page","status-publish","has-post-thumbnail","hentry"],"_links":{"self":[{"href":"https:\/\/carlosmorando.com\/en\/wp-json\/wp\/v2\/pages\/666","targetHints":{"allow":["GET"]}}],"collection":[{"href":"https:\/\/carlosmorando.com\/en\/wp-json\/wp\/v2\/pages"}],"about":[{"href":"https:\/\/carlosmorando.com\/en\/wp-json\/wp\/v2\/types\/page"}],"author":[{"embeddable":true,"href":"https:\/\/carlosmorando.com\/en\/wp-json\/wp\/v2\/users\/1"}],"replies":[{"embeddable":true,"href":"https:\/\/carlosmorando.com\/en\/wp-json\/wp\/v2\/comments?post=666"}],"version-history":[{"count":106,"href":"https:\/\/carlosmorando.com\/en\/wp-json\/wp\/v2\/pages\/666\/revisions"}],"predecessor-version":[{"id":2225,"href":"https:\/\/carlosmorando.com\/en\/wp-json\/wp\/v2\/pages\/666\/revisions\/2225"}],"wp:featuredmedia":[{"embeddable":true,"href":"https:\/\/carlosmorando.com\/en\/wp-json\/wp\/v2\/media\/662"}],"wp:attachment":[{"href":"https:\/\/carlosmorando.com\/en\/wp-json\/wp\/v2\/media?parent=666"}],"curies":[{"name":"wp","href":"https:\/\/api.w.org\/{rel}","templated":true}]}}